{"id":870,"date":"2021-11-09T15:28:49","date_gmt":"2021-11-09T14:28:49","guid":{"rendered":"https:\/\/elektrikarsala.sk\/index.php\/contact-form-2\/"},"modified":"2021-11-09T15:28:49","modified_gmt":"2021-11-09T14:28:49","slug":"contact-form-2","status":"publish","type":"page","link":"https:\/\/elektrikarsala.sk\/index.php\/contact-form-2\/","title":{"rendered":"Contact Form"},"content":{"rendered":"<p>[CONTACT_FORM_TO_EMAIL id=&#8220;1&#8243;]<\/p>\n\n    <div class=\"xs_social_share_widget xs_share_url after_content \t\tmain_content  wslu-style-1 wslu-share-box-shaped wslu-fill-colored wslu-none wslu-share-horizontal wslu-theme-font-no wslu-main_content\">\n\n\t\t\n        <ul>\n\t\t\t        <\/ul>\n    <\/div> \n","protected":false},"excerpt":{"rendered":"<p>[CONTACT_FORM_TO_EMAIL id=&#8220;1&#8243;]<\/p>\n","protected":false},"author":1,"featured_media":0,"parent":0,"menu_order":0,"comment_status":"closed","ping_status":"closed","template":"","meta":{"_glsr_average":0,"_glsr_ranking":0,"_glsr_reviews":0,"site-sidebar-layout":"default","site-content-layout":"","ast-site-content-layout":"default","site-content-style":"default","site-sidebar-style":"default","ast-global-header-display":"","ast-banner-title-visibility":"","ast-main-header-display":"","ast-hfb-above-header-display":"","ast-hfb-below-header-display":"","ast-hfb-mobile-header-display":"","site-post-title":"","ast-breadcrumbs-content":"","ast-featured-img":"","footer-sml-layout":"","ast-disable-related-posts":"","theme-transparent-header-meta":"","adv-header-id-meta":"","stick-header-meta":"","header-above-stick-meta":"","header-main-stick-meta":"","header-below-stick-meta":"","astra-migrate-meta-layouts":"default","ast-page-background-enabled":"default","ast-page-background-meta":{"desktop":{"background-color":"var(--ast-global-color-4)","background-image":"","background-repeat":"repeat","background-position":"center center","background-size":"auto","background-attachment":"scroll","background-type":"","background-media":"","overlay-type":"","overlay-color":"","overlay-opacity":"","overlay-gradient":""},"tablet":{"background-color":"","background-image":"","background-repeat":"repeat","background-position":"center center","background-size":"auto","background-attachment":"scroll","background-type":"","background-media":"","overlay-type":"","overlay-color":"","overlay-opacity":"","overlay-gradient":""},"mobile":{"background-color":"","background-image":"","background-repeat":"repeat","background-position":"center center","background-size":"auto","background-attachment":"scroll","background-type":"","background-media":"","overlay-type":"","overlay-color":"","overlay-opacity":"","overlay-gradient":""}},"ast-content-background-meta":{"desktop":{"background-color":"var(--ast-global-color-5)","background-image":"","background-repeat":"repeat","background-position":"center center","background-size":"auto","background-attachment":"scroll","background-type":"","background-media":"","overlay-type":"","overlay-color":"","overlay-opacity":"","overlay-gradient":""},"tablet":{"background-color":"var(--ast-global-color-5)","background-image":"","background-repeat":"repeat","background-position":"center center","background-size":"auto","background-attachment":"scroll","background-type":"","background-media":"","overlay-type":"","overlay-color":"","overlay-opacity":"","overlay-gradient":""},"mobile":{"background-color":"var(--ast-global-color-5)","background-image":"","background-repeat":"repeat","background-position":"center center","background-size":"auto","background-attachment":"scroll","background-type":"","background-media":"","overlay-type":"","overlay-color":"","overlay-opacity":"","overlay-gradient":""}},"ngg_post_thumbnail":0},"yoast_head":"<!-- This site is optimized with the Yoast SEO plugin v20.6 - https:\/\/yoast.com\/wordpress\/plugins\/seo\/ -->\n<title>Contact Form -<\/title>\n<meta name=\"robots\" content=\"index, follow, max-snippet:-1, max-image-preview:large, max-video-preview:-1\" \/>\n<link rel=\"canonical\" href=\"https:\/\/elektrikarsala.sk\/index.php\/contact-form-2\/\" \/>\n<meta property=\"og:locale\" content=\"sk_SK\" \/>\n<meta property=\"og:type\" content=\"article\" \/>\n<meta property=\"og:title\" content=\"Contact Form -\" \/>\n<meta property=\"og:description\" content=\"[CONTACT_FORM_TO_EMAIL id=&#8220;1&#8243;]\" \/>\n<meta property=\"og:url\" content=\"https:\/\/elektrikarsala.sk\/index.php\/contact-form-2\/\" \/>\n<meta name=\"twitter:card\" content=\"summary_large_image\" \/>\n<script type=\"application\/ld+json\" class=\"yoast-schema-graph\">{\"@context\":\"https:\/\/schema.org\",\"@graph\":[{\"@type\":\"WebPage\",\"@id\":\"https:\/\/elektrikarsala.sk\/index.php\/contact-form-2\/\",\"url\":\"https:\/\/elektrikarsala.sk\/index.php\/contact-form-2\/\",\"name\":\"Contact Form -\",\"isPartOf\":{\"@id\":\"https:\/\/elektrikarsala.sk\/#website\"},\"datePublished\":\"2021-11-09T14:28:49+00:00\",\"dateModified\":\"2021-11-09T14:28:49+00:00\",\"breadcrumb\":{\"@id\":\"https:\/\/elektrikarsala.sk\/index.php\/contact-form-2\/#breadcrumb\"},\"inLanguage\":\"sk-SK\",\"potentialAction\":[{\"@type\":\"ReadAction\",\"target\":[\"https:\/\/elektrikarsala.sk\/index.php\/contact-form-2\/\"]}]},{\"@type\":\"BreadcrumbList\",\"@id\":\"https:\/\/elektrikarsala.sk\/index.php\/contact-form-2\/#breadcrumb\",\"itemListElement\":[{\"@type\":\"ListItem\",\"position\":1,\"name\":\"Home\",\"item\":\"https:\/\/elektrikarsala.sk\/\"},{\"@type\":\"ListItem\",\"position\":2,\"name\":\"Contact Form\"}]},{\"@type\":\"WebSite\",\"@id\":\"https:\/\/elektrikarsala.sk\/#website\",\"url\":\"https:\/\/elektrikarsala.sk\/\",\"name\":\"\",\"description\":\"\",\"publisher\":{\"@id\":\"https:\/\/elektrikarsala.sk\/#organization\"},\"potentialAction\":[{\"@type\":\"SearchAction\",\"target\":{\"@type\":\"EntryPoint\",\"urlTemplate\":\"https:\/\/elektrikarsala.sk\/?s={search_term_string}\"},\"query-input\":\"required name=search_term_string\"}],\"inLanguage\":\"sk-SK\"},{\"@type\":\"Organization\",\"@id\":\"https:\/\/elektrikarsala.sk\/#organization\",\"name\":\"Elektroin\u0161tal\u00e1cie Cag\u00e1\u0148\",\"url\":\"https:\/\/elektrikarsala.sk\/\",\"logo\":{\"@type\":\"ImageObject\",\"inLanguage\":\"sk-SK\",\"@id\":\"https:\/\/elektrikarsala.sk\/#\/schema\/logo\/image\/\",\"url\":\"http:\/\/elektrikarsala.sk\/wp-content\/uploads\/2021\/11\/Kreslici-platno-1-1.png\",\"contentUrl\":\"http:\/\/elektrikarsala.sk\/wp-content\/uploads\/2021\/11\/Kreslici-platno-1-1.png\",\"width\":200,\"height\":200,\"caption\":\"Elektroin\u0161tal\u00e1cie Cag\u00e1\u0148\"},\"image\":{\"@id\":\"https:\/\/elektrikarsala.sk\/#\/schema\/logo\/image\/\"}}]}<\/script>\n<!-- \/ Yoast SEO plugin. -->","yoast_head_json":{"title":"Contact Form -","robots":{"index":"index","follow":"follow","max-snippet":"max-snippet:-1","max-image-preview":"max-image-preview:large","max-video-preview":"max-video-preview:-1"},"canonical":"https:\/\/elektrikarsala.sk\/index.php\/contact-form-2\/","og_locale":"sk_SK","og_type":"article","og_title":"Contact Form -","og_description":"[CONTACT_FORM_TO_EMAIL id=&#8220;1&#8243;]","og_url":"https:\/\/elektrikarsala.sk\/index.php\/contact-form-2\/","twitter_card":"summary_large_image","schema":{"@context":"https:\/\/schema.org","@graph":[{"@type":"WebPage","@id":"https:\/\/elektrikarsala.sk\/index.php\/contact-form-2\/","url":"https:\/\/elektrikarsala.sk\/index.php\/contact-form-2\/","name":"Contact Form -","isPartOf":{"@id":"https:\/\/elektrikarsala.sk\/#website"},"datePublished":"2021-11-09T14:28:49+00:00","dateModified":"2021-11-09T14:28:49+00:00","breadcrumb":{"@id":"https:\/\/elektrikarsala.sk\/index.php\/contact-form-2\/#breadcrumb"},"inLanguage":"sk-SK","potentialAction":[{"@type":"ReadAction","target":["https:\/\/elektrikarsala.sk\/index.php\/contact-form-2\/"]}]},{"@type":"BreadcrumbList","@id":"https:\/\/elektrikarsala.sk\/index.php\/contact-form-2\/#breadcrumb","itemListElement":[{"@type":"ListItem","position":1,"name":"Home","item":"https:\/\/elektrikarsala.sk\/"},{"@type":"ListItem","position":2,"name":"Contact Form"}]},{"@type":"WebSite","@id":"https:\/\/elektrikarsala.sk\/#website","url":"https:\/\/elektrikarsala.sk\/","name":"","description":"","publisher":{"@id":"https:\/\/elektrikarsala.sk\/#organization"},"potentialAction":[{"@type":"SearchAction","target":{"@type":"EntryPoint","urlTemplate":"https:\/\/elektrikarsala.sk\/?s={search_term_string}"},"query-input":"required name=search_term_string"}],"inLanguage":"sk-SK"},{"@type":"Organization","@id":"https:\/\/elektrikarsala.sk\/#organization","name":"Elektroin\u0161tal\u00e1cie Cag\u00e1\u0148","url":"https:\/\/elektrikarsala.sk\/","logo":{"@type":"ImageObject","inLanguage":"sk-SK","@id":"https:\/\/elektrikarsala.sk\/#\/schema\/logo\/image\/","url":"http:\/\/elektrikarsala.sk\/wp-content\/uploads\/2021\/11\/Kreslici-platno-1-1.png","contentUrl":"http:\/\/elektrikarsala.sk\/wp-content\/uploads\/2021\/11\/Kreslici-platno-1-1.png","width":200,"height":200,"caption":"Elektroin\u0161tal\u00e1cie Cag\u00e1\u0148"},"image":{"@id":"https:\/\/elektrikarsala.sk\/#\/schema\/logo\/image\/"}}]}},"_links":{"self":[{"href":"https:\/\/elektrikarsala.sk\/index.php\/wp-json\/wp\/v2\/pages\/870"}],"collection":[{"href":"https:\/\/elektrikarsala.sk\/index.php\/wp-json\/wp\/v2\/pages"}],"about":[{"href":"https:\/\/elektrikarsala.sk\/index.php\/wp-json\/wp\/v2\/types\/page"}],"author":[{"embeddable":true,"href":"https:\/\/elektrikarsala.sk\/index.php\/wp-json\/wp\/v2\/users\/1"}],"replies":[{"embeddable":true,"href":"https:\/\/elektrikarsala.sk\/index.php\/wp-json\/wp\/v2\/comments?post=870"}],"version-history":[{"count":0,"href":"https:\/\/elektrikarsala.sk\/index.php\/wp-json\/wp\/v2\/pages\/870\/revisions"}],"wp:attachment":[{"href":"https:\/\/elektrikarsala.sk\/index.php\/wp-json\/wp\/v2\/media?parent=870"}],"curies":[{"name":"wp","href":"https:\/\/api.w.org\/{rel}","templated":true}]}}